{"id":2,"date":"2016-12-09T21:25:37","date_gmt":"2016-12-09T21:25:37","guid":{"rendered":"http:\/\/englishcollegelosrios.cl\/?page_id=2"},"modified":"2019-11-13T17:33:51","modified_gmt":"2019-11-13T17:33:51","slug":"sample-page","status":"publish","type":"page","link":"http:\/\/englishcollegelosrios.cl\/?page_id=2","title":{"rendered":"Quienes Somos"},"content":{"rendered":"<p>El Establecimiento English College Los R\u00edos, es la materializaci\u00f3n de un sue\u00f1o que se origina hace muchos a\u00f1os atr\u00e1s, en el coraz\u00f3n de una estudiante universitaria que ve\u00eda una profunda e injusta brecha educativa en los sectores menos favorecidos y que busca su concreci\u00f3n para el a\u00f1o 2017.<\/p>\n<p>Este proyecto est\u00e1 basado en una\u00a0 profunda sensibilidad social y espiritual, ya que emplear\u00e1 sus mayores esfuerzos en entregar una educaci\u00f3n gratuita, biling\u00fce, val\u00f3rica\u00a0 y de alto est\u00e1ndar educativo a familias, indistintamente de su situaci\u00f3n socioecon\u00f3mica,\u00a0 que aspiren y se comprometan con la educaci\u00f3n de calidad de sus estudiantes.<\/p>\n","protected":false},"excerpt":{"rendered":"<p>El Establecimiento English College Los R\u00edos, es la materializaci\u00f3n de un sue\u00f1o que se origina hace muchos a\u00f1os atr\u00e1s, en el coraz\u00f3n de una estudiante universitaria que ve\u00eda una profunda e injusta brecha educativa en los sectores menos favorecidos y que busca su concreci\u00f3n para el a\u00f1o 2017. Este proyecto est\u00e1 basado en una\u00a0 profunda [&hellip;]<\/p>\n","protected":false},"author":1,"featured_media":0,"parent":0,"menu_order":0,"comment_status":"closed","ping_status":"open","template":"","meta":{"_monsterinsights_skip_tracking":false,"_monsterinsights_sitenote_active":false,"_monsterinsights_sitenote_note":"","_monsterinsights_sitenote_category":0,"footnotes":""},"_links":{"self":[{"href":"http:\/\/englishcollegelosrios.cl\/index.php?rest_route=\/wp\/v2\/pages\/2"}],"collection":[{"href":"http:\/\/englishcollegelosrios.cl\/index.php?rest_route=\/wp\/v2\/pages"}],"about":[{"href":"http:\/\/englishcollegelosrios.cl\/index.php?rest_route=\/wp\/v2\/types\/page"}],"author":[{"embeddable":true,"href":"http:\/\/englishcollegelosrios.cl\/index.php?rest_route=\/wp\/v2\/users\/1"}],"replies":[{"embeddable":true,"href":"http:\/\/englishcollegelosrios.cl\/index.php?rest_route=%2Fwp%2Fv2%2Fcomments&post=2"}],"version-history":[{"count":8,"href":"http:\/\/englishcollegelosrios.cl\/index.php?rest_route=\/wp\/v2\/pages\/2\/revisions"}],"predecessor-version":[{"id":347,"href":"http:\/\/englishcollegelosrios.cl\/index.php?rest_route=\/wp\/v2\/pages\/2\/revisions\/347"}],"wp:attachment":[{"href":"http:\/\/englishcollegelosrios.cl\/index.php?rest_route=%2Fwp%2Fv2%2Fmedia&parent=2"}],"curies":[{"name":"wp","href":"https:\/\/api.w.org\/{rel}","templated":true}]}}