{"id":316,"date":"2018-11-21T15:52:49","date_gmt":"2018-11-21T15:52:49","guid":{"rendered":"http:\/\/englishcollegelosrios.cl\/?page_id=316"},"modified":"2018-11-21T22:40:04","modified_gmt":"2018-11-21T22:40:04","slug":"horario-de-atencion","status":"publish","type":"page","link":"http:\/\/englishcollegelosrios.cl\/?page_id=316","title":{"rendered":"HORARIO DE ATENCI\u00d3N"},"content":{"rendered":"<p style=\"text-align: center;\"><span style=\"color: #000080;\"><strong>\u00a0<\/strong><\/span><img loading=\"lazy\" decoding=\"async\" class=\" wp-image-30 aligncenter\" src=\"http:\/\/englishcollegelosrios.cl\/wp-content\/uploads\/2016\/12\/Logo-transparente-web-300x300.png\" alt=\"\" width=\"127\" height=\"127\" srcset=\"http:\/\/englishcollegelosrios.cl\/wp-content\/uploads\/2016\/12\/Logo-transparente-web-300x300.png 300w, http:\/\/englishcollegelosrios.cl\/wp-content\/uploads\/2016\/12\/Logo-transparente-web-150x150.png 150w, http:\/\/englishcollegelosrios.cl\/wp-content\/uploads\/2016\/12\/Logo-transparente-web.png 512w\" sizes=\"(max-width: 127px) 100vw, 127px\" \/><\/p>\n<p>&nbsp;<\/p>\n<p style=\"text-align: center;\"><span style=\"color: #000080;\"><strong>HORARIO DE ATENCI\u00d3N ADMISI\u00d3N 2019<\/strong><\/span><\/p>\n<p style=\"text-align: center;\"><span style=\"color: #000080;\"><strong>ALUMNOS NUEVOS<\/strong><\/span><\/p>\n<p>&nbsp;<\/p>\n<table style=\"height: 85px;\" width=\"815\">\n<tbody>\n<tr>\n<td style=\"text-align: center;\" width=\"136\"><strong><span style=\"color: #000000;\">LUNES<\/span><\/strong><\/td>\n<td style=\"text-align: center;\" width=\"144\"><strong><span style=\"color: #000000;\">MARTES<\/span><\/strong><\/td>\n<td style=\"text-align: center;\" width=\"136\"><strong><span style=\"color: #000000;\">\u00a0MI\u00c9RCOLES<\/span><\/strong><\/td>\n<td style=\"text-align: center;\" width=\"124\"><strong><span style=\"color: #000000;\">JUEVES<\/span><\/strong><\/td>\n<td style=\"text-align: center;\" width=\"134\"><strong><span style=\"color: #000000;\">VIERNES<\/span><\/strong><\/td>\n<\/tr>\n<tr>\n<td style=\"text-align: center;\"><span style=\"color: #ff0000;\">08:30 a 12:00 hrs<\/span><\/td>\n<td style=\"text-align: center;\"><span style=\"color: #ff0000;\">08:30 a 12:00 hrs<\/span><\/td>\n<td style=\"text-align: center;\" width=\"136\"><span style=\"color: #ff0000;\">08:30 a 12:00 hrs<\/span><\/td>\n<td style=\"text-align: center;\" width=\"124\"><span style=\"color: #ff0000;\">08:30 a 12:00 hrs<\/span><\/td>\n<td style=\"text-align: center;\" width=\"134\"><span style=\"color: #ff0000;\">08:30 a 12:00 hrs<\/span><\/td>\n<\/tr>\n<\/tbody>\n<\/table>\n<p>&nbsp;<\/p>\n<p style=\"text-align: center;\"><span style=\"color: #333399;\"><strong>PROCESO DE MATR\u00cdCULA PARA EL A\u00d1O ESCOLAR 2019<\/strong><\/span><\/p>\n<p style=\"text-align: center;\"><span style=\"color: #333399;\"><strong>ALUMNOS ANTIGUOS<\/strong><\/span><\/p>\n<p>&nbsp;<\/p>\n<p><span style=\"color: #333399;\"><strong>ESTIMADOS APODERADOS Y APODERADAS:<\/strong><\/span><\/p>\n<p>&nbsp;<\/p>\n<p>Un cordial saludo para Ustedes. Por medio de la presente hacemos llegar la informaci\u00f3n clave del proceso de Matricula para el a\u00f1o escolar 2019. Les rogamos tener presente esta informaci\u00f3n a fin de evitar inconvenientes de \u00faltimo momento<\/p>\n<div class=\"wp-menu-arrow\">\n<div><\/div>\n<\/div>\n<div class=\"wp-menu-name\"><\/div>\n<p><span style=\"color: #333399;\"><strong>El Proceso de postulaci\u00f3n interno, para nuevos alumnos que postular\u00e1n a nuestro Colegio, se extender\u00e1 entre\u00a0 el\u00a0 03 y el 28 de Octubre del presente a\u00f1o.<\/strong><\/span><\/p>\n<p>La inscripci\u00f3n deber\u00e1 realizarla el Apoderado o Tutor, adulto responsable del postulante, en la secretar\u00eda del establecimiento.\u00a0<strong>Los horarios de atenci\u00f3n ser\u00e1n de lunes a jueves de 09:00 a 13:00\u00a0<\/strong><\/p>\n<p>Las inscripciones se realizar\u00e1n por estricto orden de llegada de los nuevos postulantes, hasta completar los cupos disponibles, dentro del plazo establecido. Una vez cubiertas las vacantes, se implementara una lista de espera con todos aquellos postulantes que exceden los cupos disponibles, las cuales se constituir\u00e1n tambi\u00e9n por estricto orden de llegada.<\/p>\n<p>Al momento de postular debe presentar Certificado de Nacimiento y Certificado de Alumno Regular. La publicaci\u00f3n de los resultados de las postulaciones, tanto de los estudiantes aceptados como los que quedar\u00e1n en lista de espera, se realizar\u00e1 en el hall de ingreso al Colegio.<\/p>\n","protected":false},"excerpt":{"rendered":"<p>\u00a0 &nbsp; HORARIO DE ATENCI\u00d3N ADMISI\u00d3N 2019 ALUMNOS NUEVOS &nbsp; LUNES MARTES \u00a0MI\u00c9RCOLES JUEVES VIERNES 08:30 a 12:00 hrs 08:30 a 12:00 hrs 08:30 a 12:00 hrs 08:30 a 12:00 hrs 08:30 a 12:00 hrs &nbsp; PROCESO DE MATR\u00cdCULA PARA EL A\u00d1O ESCOLAR 2019 ALUMNOS ANTIGUOS &nbsp; ESTIMADOS APODERADOS Y APODERADAS: &nbsp; Un cordial saludo [&hellip;]<\/p>\n","protected":false},"author":2,"featured_media":272,"parent":0,"menu_order":0,"comment_status":"closed","ping_status":"closed","template":"","meta":{"_monsterinsights_skip_tracking":false,"_monsterinsights_sitenote_active":false,"_monsterinsights_sitenote_note":"","_monsterinsights_sitenote_category":0,"footnotes":""},"_links":{"self":[{"href":"http:\/\/englishcollegelosrios.cl\/index.php?rest_route=\/wp\/v2\/pages\/316"}],"collection":[{"href":"http:\/\/englishcollegelosrios.cl\/index.php?rest_route=\/wp\/v2\/pages"}],"about":[{"href":"http:\/\/englishcollegelosrios.cl\/index.php?rest_route=\/wp\/v2\/types\/page"}],"author":[{"embeddable":true,"href":"http:\/\/englishcollegelosrios.cl\/index.php?rest_route=\/wp\/v2\/users\/2"}],"replies":[{"embeddable":true,"href":"http:\/\/englishcollegelosrios.cl\/index.php?rest_route=%2Fwp%2Fv2%2Fcomments&post=316"}],"version-history":[{"count":6,"href":"http:\/\/englishcollegelosrios.cl\/index.php?rest_route=\/wp\/v2\/pages\/316\/revisions"}],"predecessor-version":[{"id":323,"href":"http:\/\/englishcollegelosrios.cl\/index.php?rest_route=\/wp\/v2\/pages\/316\/revisions\/323"}],"wp:featuredmedia":[{"embeddable":true,"href":"http:\/\/englishcollegelosrios.cl\/index.php?rest_route=\/wp\/v2\/media\/272"}],"wp:attachment":[{"href":"http:\/\/englishcollegelosrios.cl\/index.php?rest_route=%2Fwp%2Fv2%2Fmedia&parent=316"}],"curies":[{"name":"wp","href":"https:\/\/api.w.org\/{rel}","templated":true}]}}