{"id":71,"date":"2016-12-14T01:57:25","date_gmt":"2016-12-14T01:57:25","guid":{"rendered":"http:\/\/englishcollegelosrios.cl\/?page_id=71"},"modified":"2019-11-13T17:36:27","modified_gmt":"2019-11-13T17:36:27","slug":"mision-y-vision","status":"publish","type":"page","link":"http:\/\/englishcollegelosrios.cl\/?page_id=71","title":{"rendered":"Misi\u00f3n, Visi\u00f3n y Sellos Educativos"},"content":{"rendered":"<p><img loading=\"lazy\" decoding=\"async\" class=\"size-medium wp-image-30 aligncenter\" src=\"http:\/\/englishcollegelosrios.cl\/wp-content\/uploads\/2016\/12\/Logo-transparente-web-300x300.png\" alt=\"\" width=\"300\" height=\"300\" srcset=\"http:\/\/englishcollegelosrios.cl\/wp-content\/uploads\/2016\/12\/Logo-transparente-web-300x300.png 300w, http:\/\/englishcollegelosrios.cl\/wp-content\/uploads\/2016\/12\/Logo-transparente-web-150x150.png 150w, http:\/\/englishcollegelosrios.cl\/wp-content\/uploads\/2016\/12\/Logo-transparente-web.png 512w\" sizes=\"(max-width: 300px) 100vw, 300px\" \/><\/p>\n<p><strong>DECLARACI\u00d3N DE VISI\u00d3N<\/strong><\/p>\n<p>El Establecimiento English College Los R\u00edos, es una Centro Educacional\u00a0\u00a0que busca constituirse en un modelo educativo biling\u00fce, gratuito, de excelencia acad\u00e9mica y caracterizado por su solidez disciplinar y val\u00f3rica en cuanto a la fe cristiano-evang\u00e9lica.<\/p>\n<p><strong>\u00a0<\/strong><\/p>\n<p><strong>\u00a0<\/strong><strong>DECLARACI\u00d3N DE MISI\u00d3N<br \/>\n<\/strong>El Establecimiento English College Los R\u00edos, es una Centro Educacional de alto est\u00e1ndar disciplinar, gratuito y confesional cristiano evang\u00e9lico, que trabaja en pos del aprendizaje de ingl\u00e9s en forma trasversal en las asignaturas, para concretar en nuestros estudiantes una segunda lengua.<\/p>\n<p>&nbsp;<\/p>\n<p><strong>DECLARACI\u00d3N DE SELLOS EDUCATIVOS<\/strong><\/p>\n<ol>\n<li>El Establecimiento English College Los R\u00edos,\u00a0es un establecimiento que instruye el idioma ingl\u00e9s como una segunda lengua.<\/li>\n<li><em>English\u00a0 College Los R\u00edos es una instituci\u00f3n que a trav\u00e9s de sus docentes y directivos, promueve el mejoramiento continuo en los procesos de ense\u00f1anza aprendizaje para lograr la excelencia acad\u00e9mica.<\/em><\/li>\n<li><em>English College es una instituci\u00f3n inclusiva, destacada por un clima organizacional y convivencia interna favorable.<\/em><\/li>\n<li><em>English College Los R\u00edos es una instituci\u00f3n basada en principios cristianos-evang\u00e9licos.<\/em><\/li>\n<\/ol>\n","protected":false},"excerpt":{"rendered":"<p>DECLARACI\u00d3N DE VISI\u00d3N El Establecimiento English College Los R\u00edos, es una Centro Educacional\u00a0\u00a0que busca constituirse en un modelo educativo biling\u00fce, gratuito, de excelencia acad\u00e9mica y caracterizado por su solidez disciplinar y val\u00f3rica en cuanto a la fe cristiano-evang\u00e9lica. \u00a0 \u00a0DECLARACI\u00d3N DE MISI\u00d3N El Establecimiento English College Los R\u00edos, es una Centro Educacional de alto est\u00e1ndar [&hellip;]<\/p>\n","protected":false},"author":1,"featured_media":0,"parent":2,"menu_order":0,"comment_status":"closed","ping_status":"closed","template":"","meta":{"_monsterinsights_skip_tracking":false,"_monsterinsights_sitenote_active":false,"_monsterinsights_sitenote_note":"","_monsterinsights_sitenote_category":0,"footnotes":""},"_links":{"self":[{"href":"http:\/\/englishcollegelosrios.cl\/index.php?rest_route=\/wp\/v2\/pages\/71"}],"collection":[{"href":"http:\/\/englishcollegelosrios.cl\/index.php?rest_route=\/wp\/v2\/pages"}],"about":[{"href":"http:\/\/englishcollegelosrios.cl\/index.php?rest_route=\/wp\/v2\/types\/page"}],"author":[{"embeddable":true,"href":"http:\/\/englishcollegelosrios.cl\/index.php?rest_route=\/wp\/v2\/users\/1"}],"replies":[{"embeddable":true,"href":"http:\/\/englishcollegelosrios.cl\/index.php?rest_route=%2Fwp%2Fv2%2Fcomments&post=71"}],"version-history":[{"count":6,"href":"http:\/\/englishcollegelosrios.cl\/index.php?rest_route=\/wp\/v2\/pages\/71\/revisions"}],"predecessor-version":[{"id":348,"href":"http:\/\/englishcollegelosrios.cl\/index.php?rest_route=\/wp\/v2\/pages\/71\/revisions\/348"}],"up":[{"embeddable":true,"href":"http:\/\/englishcollegelosrios.cl\/index.php?rest_route=\/wp\/v2\/pages\/2"}],"wp:attachment":[{"href":"http:\/\/englishcollegelosrios.cl\/index.php?rest_route=%2Fwp%2Fv2%2Fmedia&parent=71"}],"curies":[{"name":"wp","href":"https:\/\/api.w.org\/{rel}","templated":true}]}}